{"id":831,"date":"2024-04-07T11:05:32","date_gmt":"2024-04-07T11:05:32","guid":{"rendered":"https:\/\/michalczinege.com\/?page_id=831"},"modified":"2026-03-11T10:39:53","modified_gmt":"2026-03-11T10:39:53","slug":"garden-of-death-3","status":"publish","type":"page","link":"https:\/\/michalczinege.com\/?page_id=831","title":{"rendered":"Garden of Death"},"content":{"rendered":"\n<p><mark style=\"background-color:rgba(0, 0, 0, 0);color:#212cc3\" class=\"has-inline-color\">Site-specific, spatial installation<\/mark><br><mark style=\"background-color:rgba(0, 0, 0, 0);color:#212cc3\" class=\"has-inline-color\">Painting with firewood ash, earth pigment and cellulose on canvas, programmed LED light, multichannel sound<\/mark>. <mark style=\"background-color:rgba(0, 0, 0, 0);color:#212cc3\" class=\"has-inline-color\">2,4 m x 22,9 m (size variable)<\/mark><br><br>MUU Helsinki \/Lux Helsinki, Finland, 2025<br>XXVIII M\u00e4ntt\u00e4 Art Festival, M\u00e4ntt\u00e4, Finland, 2024<br>Gallery Nitra, Nitra, Slovakia, 2023\u201324<br>Kulturhus Bj\u00f6rkboda, Kemi\u00f6nsaari, Finland, 2023 (with the installation Garden of Death \u2013 Kimito\u00f6 Islands)<\/p>\n\n\n\n<p>In Michal Czinege&#8217;s Garden of Death, bursts of skeletal silhouettes of plants pulsate at sporadic intervals and locations on large canvases.&nbsp;They&nbsp;are painted with ash from trees that heated a house over one winter. The installation borrows visual elements from herbaria of&nbsp;extinct and endangered plants&nbsp;in the Finnish region of North Karelia.<\/p>\n\n\n\n<p>Referring to Hugo Simberg\u2019s 19th century painting of the same name, the garden of death is an otherworldly place. Simberg portrays souls as plants that Death cares for, and the intermediate space of Death as an otherworldly place where souls go before entering heaven. Czinege\u2019s installation is a strange space where something of the skeletal plants\u2019 fragile presence remains flickering as inexplicable traces in time until they, too, cease to exist. The flashes are perhaps an after-pulse, or a memory of a lost existence. Despite the powerful charge, they are now but unembodied bursts, variations in light\u2019s wavelength and perceptual ephemera in the viewer\u2019s mind.&nbsp;<\/p>\n\n\n\n<p>Garden of Death was initially created for the exhibition space at Nitra Gallery in Slovakia, as part of the group exhibition \u201cForest Line\u201d. The capability to modify dimensions and architectural design of this installation allows the exhibition space to significantly influence the visual and emotional aspects of the individual exhibition. The Garden of Death was first presented to the Finnish audience at the M\u00e4ntt\u00e4 Art Festival during the summer of 2024. An earlier version (Garden of Death, Kimito\u00f6n Islands) was exhibited at Kulturhus Bj\u00f6rkboda in 2023.<\/p>\n\n\n\n<p>At MUU Helsinki Contemporary Art Centre, the installation was accompanied by a multichannel soundscape constructed and remixed from recordings that capture the cracking sounds of dying plants. The ultrasonic sounds were originally detected and recorded by researchers &nbsp;in a recent study (credit: Khait et al. -2023) of plants responding to stressors such as dehydration. While the frequency of these sounds is too high for human ears, insects and other mammals can likely detect them.<\/p>\n\n\n\n<p>Material choices of the installation are part of Michal Czinege\u2019s research as an artist into plant-based, non-toxic materials. The installation is painted using wood ash as pigment.&nbsp;&nbsp;&nbsp;<\/p>\n\n\n\n<figure class=\"wp-block-image size-full\"><img loading=\"lazy\" decoding=\"async\" width=\"1000\" height=\"665\" src=\"https:\/\/michalczinege.com\/wp-content\/uploads\/2025\/10\/1m.-Michal.jpg\" alt=\"\" class=\"wp-image-1089\" srcset=\"https:\/\/michalczinege.com\/wp-content\/uploads\/2025\/10\/1m.-Michal.jpg 1000w, https:\/\/michalczinege.com\/wp-content\/uploads\/2025\/10\/1m.-Michal-300x200.jpg 300w, https:\/\/michalczinege.com\/wp-content\/uploads\/2025\/10\/1m.-Michal-520x346.jpg 520w, https:\/\/michalczinege.com\/wp-content\/uploads\/2025\/10\/1m.-Michal-768x511.jpg 768w\" sizes=\"auto, (max-width: 1000px) 100vw, 1000px\" \/><\/figure>\n\n\n\n<figure class=\"wp-block-image size-full\"><img loading=\"lazy\" decoding=\"async\" width=\"1000\" height=\"665\" src=\"https:\/\/michalczinege.com\/wp-content\/uploads\/2025\/10\/2m.-Michal.jpg\" alt=\"\" class=\"wp-image-1091\" srcset=\"https:\/\/michalczinege.com\/wp-content\/uploads\/2025\/10\/2m.-Michal.jpg 1000w, https:\/\/michalczinege.com\/wp-content\/uploads\/2025\/10\/2m.-Michal-300x200.jpg 300w, https:\/\/michalczinege.com\/wp-content\/uploads\/2025\/10\/2m.-Michal-520x346.jpg 520w, https:\/\/michalczinege.com\/wp-content\/uploads\/2025\/10\/2m.-Michal-768x511.jpg 768w\" sizes=\"auto, (max-width: 1000px) 100vw, 1000px\" \/><\/figure>\n\n\n\n<figure class=\"wp-block-image size-full\"><img loading=\"lazy\" decoding=\"async\" width=\"1000\" height=\"665\" src=\"https:\/\/michalczinege.com\/wp-content\/uploads\/2025\/10\/3m.-Michal.jpg\" alt=\"\" class=\"wp-image-1092\" srcset=\"https:\/\/michalczinege.com\/wp-content\/uploads\/2025\/10\/3m.-Michal.jpg 1000w, https:\/\/michalczinege.com\/wp-content\/uploads\/2025\/10\/3m.-Michal-300x200.jpg 300w, https:\/\/michalczinege.com\/wp-content\/uploads\/2025\/10\/3m.-Michal-520x346.jpg 520w, https:\/\/michalczinege.com\/wp-content\/uploads\/2025\/10\/3m.-Michal-768x511.jpg 768w\" sizes=\"auto, (max-width: 1000px) 100vw, 1000px\" \/><figcaption class=\"wp-element-caption\">Installation view at XXVIII M\u00e4ntt\u00e4 Art Festival, 2024. Photos: Marko Marin\/Michal Czinege<\/figcaption><\/figure>\n\n\n\n<figure class=\"wp-block-embed is-type-video is-provider-vimeo wp-block-embed-vimeo wp-embed-aspect-16-9 wp-has-aspect-ratio\"><div class=\"wp-block-embed__wrapper\">\n<iframe loading=\"lazy\" title=\"Garden of Death\" src=\"https:\/\/player.vimeo.com\/video\/1162526127?dnt=1&amp;app_id=122963\" width=\"660\" height=\"371\" frameborder=\"0\" allow=\"autoplay; fullscreen; picture-in-picture; clipboard-write; encrypted-media; web-share\" referrerpolicy=\"strict-origin-when-cross-origin\"><\/iframe>\n<\/div><\/figure>\n\n\n\n<p>MUU Helsinki \/Lux Helsinki, Finland, 2025<\/p>\n\n\n\n<p><\/p>\n\n\n<div class=\"wp-block-image\">\n<figure class=\"aligncenter size-large is-resized\"><img loading=\"lazy\" decoding=\"async\" width=\"520\" height=\"63\" src=\"https:\/\/michalczinege.com\/wp-content\/uploads\/2024\/04\/Garden-of-Death2-520x63.jpg\" alt=\"\" class=\"wp-image-834\" style=\"width:690px;height:auto\" srcset=\"https:\/\/michalczinege.com\/wp-content\/uploads\/2024\/04\/Garden-of-Death2-520x63.jpg 520w, https:\/\/michalczinege.com\/wp-content\/uploads\/2024\/04\/Garden-of-Death2-300x36.jpg 300w, https:\/\/michalczinege.com\/wp-content\/uploads\/2024\/04\/Garden-of-Death2-768x92.jpg 768w, https:\/\/michalczinege.com\/wp-content\/uploads\/2024\/04\/Garden-of-Death2-1536x185.jpg 1536w, https:\/\/michalczinege.com\/wp-content\/uploads\/2024\/04\/Garden-of-Death2-2048x246.jpg 2048w\" sizes=\"auto, (max-width: 520px) 100vw, 520px\" \/><figcaption class=\"wp-element-caption\"><mark style=\"background-color:rgba(0, 0, 0, 0);color:#212cc3\" class=\"has-inline-color\">Garden of Death, Site-specific installation. Painting with firewood ash and cellulose on canvas, programmed LED light. 2,4 x 22,9 m (size variable).<\/mark><\/figcaption><\/figure>\n<\/div>\n\n<div class=\"wp-block-image\">\n<figure class=\"aligncenter size-full is-resized\"><img loading=\"lazy\" decoding=\"async\" width=\"1000\" height=\"597\" src=\"https:\/\/michalczinege.com\/wp-content\/uploads\/2024\/04\/24.jpg\" alt=\"\" class=\"wp-image-828\" style=\"width:690px\" srcset=\"https:\/\/michalczinege.com\/wp-content\/uploads\/2024\/04\/24.jpg 1000w, https:\/\/michalczinege.com\/wp-content\/uploads\/2024\/04\/24-300x179.jpg 300w, https:\/\/michalczinege.com\/wp-content\/uploads\/2024\/04\/24-520x310.jpg 520w, https:\/\/michalczinege.com\/wp-content\/uploads\/2024\/04\/24-768x458.jpg 768w\" sizes=\"auto, (max-width: 1000px) 100vw, 1000px\" \/><figcaption class=\"wp-element-caption\"><mark style=\"background-color:rgba(0, 0, 0, 0);color:#212cc3\" class=\"has-inline-color\">Garden of Death, exhibition Forest Line, Nitra, Slovakia <\/mark><\/figcaption><\/figure>\n<\/div>\n\n<div class=\"wp-block-image\">\n<figure class=\"aligncenter size-large\"><img loading=\"lazy\" decoding=\"async\" width=\"520\" height=\"779\" src=\"https:\/\/michalczinege.com\/wp-content\/uploads\/2024\/04\/2.-pictures-of-the-process-studio-view-2023-520x779.jpg\" alt=\"\" class=\"wp-image-829\" srcset=\"https:\/\/michalczinege.com\/wp-content\/uploads\/2024\/04\/2.-pictures-of-the-process-studio-view-2023-520x779.jpg 520w, https:\/\/michalczinege.com\/wp-content\/uploads\/2024\/04\/2.-pictures-of-the-process-studio-view-2023-200x300.jpg 200w, https:\/\/michalczinege.com\/wp-content\/uploads\/2024\/04\/2.-pictures-of-the-process-studio-view-2023-768x1151.jpg 768w, https:\/\/michalczinege.com\/wp-content\/uploads\/2024\/04\/2.-pictures-of-the-process-studio-view-2023.jpg 1000w\" sizes=\"auto, (max-width: 520px) 100vw, 520px\" \/><figcaption class=\"wp-element-caption\"><mark style=\"background-color:rgba(0, 0, 0, 0);color:#212cc3\" class=\"has-inline-color\"> pictures of the process (studio view), 2023<\/mark><\/figcaption><\/figure>\n<\/div>\n\n\n<p><\/p>\n\n\n\n<p><\/p>\n","protected":false},"excerpt":{"rendered":"<p>Site-specific, spatial installationPainting with firewood ash, earth pigment and cellulose on canvas, programmed LED light, multichannel sound. 2,4 m x 22,9 m (size variable) MUU Helsinki \/Lux Helsinki, Finland, 2025XXVIII M\u00e4ntt\u00e4 Art Festival, M\u00e4ntt\u00e4, Finland, 2024Gallery Nitra, Nitra, Slovakia, 2023\u201324Kulturhus Bj\u00f6rkboda, Kemi\u00f6nsaari, Finland, 2023 (with the installation Garden of Death \u2013 Kimito\u00f6 Islands) In Michal &hellip; <a href=\"https:\/\/michalczinege.com\/?page_id=831\" class=\"more-link\">Continue reading <span class=\"screen-reader-text\">Garden of Death<\/span><\/a><\/p>\n","protected":false},"author":4,"featured_media":0,"parent":0,"menu_order":0,"comment_status":"closed","ping_status":"closed","template":"","meta":{"footnotes":""},"class_list":["post-831","page","type-page","status-publish","hentry"],"_links":{"self":[{"href":"https:\/\/michalczinege.com\/index.php?rest_route=\/wp\/v2\/pages\/831","targetHints":{"allow":["GET"]}}],"collection":[{"href":"https:\/\/michalczinege.com\/index.php?rest_route=\/wp\/v2\/pages"}],"about":[{"href":"https:\/\/michalczinege.com\/index.php?rest_route=\/wp\/v2\/types\/page"}],"author":[{"embeddable":true,"href":"https:\/\/michalczinege.com\/index.php?rest_route=\/wp\/v2\/users\/4"}],"replies":[{"embeddable":true,"href":"https:\/\/michalczinege.com\/index.php?rest_route=%2Fwp%2Fv2%2Fcomments&post=831"}],"version-history":[{"count":18,"href":"https:\/\/michalczinege.com\/index.php?rest_route=\/wp\/v2\/pages\/831\/revisions"}],"predecessor-version":[{"id":1490,"href":"https:\/\/michalczinege.com\/index.php?rest_route=\/wp\/v2\/pages\/831\/revisions\/1490"}],"wp:attachment":[{"href":"https:\/\/michalczinege.com\/index.php?rest_route=%2Fwp%2Fv2%2Fmedia&parent=831"}],"curies":[{"name":"wp","href":"https:\/\/api.w.org\/{rel}","templated":true}]}}