{"id":852,"date":"2024-07-06T10:43:37","date_gmt":"2024-07-06T10:43:37","guid":{"rendered":"https:\/\/michalczinege.com\/?page_id=852"},"modified":"2025-10-14T12:48:51","modified_gmt":"2025-10-14T12:48:51","slug":"toivomusten-puu","status":"publish","type":"page","link":"https:\/\/michalczinege.com\/?page_id=852","title":{"rendered":"Toivomusten puu"},"content":{"rendered":"<div class=\"wp-block-image\">\n<figure class=\"aligncenter size-large is-resized\"><img loading=\"lazy\" decoding=\"async\" width=\"520\" height=\"833\" src=\"https:\/\/michalczinege.com\/wp-content\/uploads\/2024\/07\/24B9F382-BE17-47A7-890F-07D7239FFD51-520x833.jpeg\" alt=\"\" class=\"wp-image-866\" style=\"width:798px;height:auto\" srcset=\"https:\/\/michalczinege.com\/wp-content\/uploads\/2024\/07\/24B9F382-BE17-47A7-890F-07D7239FFD51-520x833.jpeg 520w, https:\/\/michalczinege.com\/wp-content\/uploads\/2024\/07\/24B9F382-BE17-47A7-890F-07D7239FFD51-187x300.jpeg 187w, https:\/\/michalczinege.com\/wp-content\/uploads\/2024\/07\/24B9F382-BE17-47A7-890F-07D7239FFD51-768x1230.jpeg 768w, https:\/\/michalczinege.com\/wp-content\/uploads\/2024\/07\/24B9F382-BE17-47A7-890F-07D7239FFD51-959x1536.jpeg 959w, https:\/\/michalczinege.com\/wp-content\/uploads\/2024\/07\/24B9F382-BE17-47A7-890F-07D7239FFD51-1279x2048.jpeg 1279w, https:\/\/michalczinege.com\/wp-content\/uploads\/2024\/07\/24B9F382-BE17-47A7-890F-07D7239FFD51-scaled.jpeg 1598w\" sizes=\"auto, (max-width: 520px) 100vw, 520px\" \/><\/figure>\n<\/div>\n\n\n<p class=\"has-text-color has-link-color wp-elements-f12b4d31149122a28463a261add652fc\" style=\"color:#1b34f4\"><\/p>\n\n\n\n<p class=\"has-text-color has-link-color has-large-font-size wp-elements-2e5fc71faeaace7542d8764ac575c28f\" style=\"color:#1b34f4\">Toivomusten puu<\/p>\n\n\n\n<p class=\"has-dark-gray-color has-text-color has-link-color has-medium-font-size wp-elements-a42ce8d332fb0b583b69fb8a77451053\">Michal Czinege &amp; Maija Laurinen<br>Elias L\u00f6nnrotin puisto, Nurmes, 2024<\/p>\n\n\n\n<p class=\"has-dark-gray-color has-text-color has-link-color has-medium-font-size wp-elements-09fc978a0b69718b6c15fe1b2c55adb6\"><em>QR-koodi teoksen yhteydess\u00e4 kenties johdatti sinut t\u00e4nne. Voit kirjoittaa toivomuksia, toiveita ja onnentoivotuksia Nurmekselle alla olevaan kommenttikentt\u00e4\u00e4n. Nimi- ja osoitekent\u00e4n voit j\u00e4tt\u00e4\u00e4 tyhj\u00e4ksi, jos et halua omaa nime\u00e4si esille. <\/em><\/p>\n\n\n\n<p class=\"has-dark-gray-color has-text-color has-link-color has-medium-font-size wp-elements-ef0702cd691b8e696785cb1ac0fef481\">Toivomusten puu on yhteis\u00f6taideteos, jonka toteutimmme Nurmeksen kaupungin 50-vuotisjuhlavuodeksi. Teos pystytettiin kes\u00e4ll\u00e4 2024 korkeiden m\u00e4ntyjen keskelle Elias L\u00f6nnrotin puistoon Nurmes-talon viereen.&nbsp;<\/p>\n\n\n\n<p class=\"has-dark-gray-color has-text-color has-link-color has-medium-font-size wp-elements-d433a9720c7371944173de4170c6a950\">Toivomusten puun mallina on Vanhassa Kauppalassa sijaitseva vanha, suuri m\u00e4nty. Monen puun i\u00e4ss\u00e4 50-vuotias kaupunkimme on vasta nuorukainen ja vuosisatojen perspektiivist\u00e4 katsoen me nykyiset asukkaat osa pitk\u00e4\u00e4 jatkumoa.<\/p>\n\n\n\n<p class=\"has-dark-gray-color has-text-color has-link-color has-medium-font-size wp-elements-9f1ca57860181390d95c582f312cfaaf\">Ihmisill\u00e4 on kautta aikojen ollut tapana kertoa murheensa ja toiveensa tietylle tutulle puulle tai mets\u00e4lle. Pyysimme nurmekselaisia jakamaan toiveitaan kotiseudun tulevaisuudesta osana Toivomusten puuta. Kooste saamistamme viesteist\u00e4 on vuoden viimeisten viikkojen ajan esill\u00e4 ty\u00f6huoneemme n\u00e4yteikkunassa Nurmeksen Vanhassa Kauppalassa.&nbsp;<\/p>\n\n\n\n<p class=\"has-dark-gray-color has-text-color has-link-color has-medium-font-size wp-elements-3c2ae034e9a2e414d831c0444b8af699\">Teokseen k\u00e4ytetty puuaines on energiapuuksi rakennusj\u00e4tteen\u00e4 p\u00e4\u00e4tynytt\u00e4 puutavaraa. Teoksen tukirakenne pintak\u00e4siteltiin polttamalla.&nbsp;Mustuneessa puussa piilee viittaus 1800-luvun tuhoisaan Porokyl\u00e4n paloon, jonka varaan kauppalan kehitys rakentui palosolineen ja koivukujineen.<\/p>\n\n\n\n<p class=\"has-dark-gray-color has-text-color has-link-color has-medium-font-size wp-elements-ef055398151abd41cc7953321f10b541\">Teoksen v\u00e4rit valmistettiin mustikasta, punajuuresta ja punakaalista, ja niiden p\u00e4\u00e4ll\u00e4 on l\u00e4pikuultava pintak\u00e4sittely. Maalaamiseen osallistui parikymment\u00e4 nurmekselaista ja kes\u00e4vierasta kes\u00e4kuussa 2024. Kasviv\u00e4rit haalistuvat, muuttuvat ja katoavat kosketuksessa ilman ja auringonvalon kanssa, mink\u00e4 j\u00e4lkeen puu vanhenee ja muuttaa luontaisesti omaa v\u00e4ri\u00e4\u00e4n.<\/p>\n\n\n\n<p class=\"has-dark-gray-color has-text-color has-link-color has-medium-font-size wp-elements-5783cbefc3e5bcd03d3f1b804de28f49\">Kiitokset: Nurmeksen kaupunki ja Marjo S\u00e4kkinen, Kuljetusliike Pellikka, Anumari ja Seppo Suhonen sek\u00e4 kaikki teokseen eri tavoin osallistuneet.<\/p>\n\n\n\n<p class=\"has-text-color has-link-color has-medium-font-size wp-elements-723723d051a79b081972d493375fd09f\" style=\"color:#1b34f4\"><\/p>\n\n\n\n<figure class=\"wp-block-embed is-type-video is-provider-vimeo wp-block-embed-vimeo wp-embed-aspect-16-9 wp-has-aspect-ratio\"><div class=\"wp-block-embed__wrapper\">\n<iframe loading=\"lazy\" title=\"Nimet\u00f6n-1\" src=\"https:\/\/player.vimeo.com\/video\/1040917175?dnt=1&amp;app_id=122963\" width=\"660\" height=\"371\" frameborder=\"0\" allow=\"autoplay; fullscreen; picture-in-picture; clipboard-write\"><\/iframe>\n<\/div><\/figure>\n","protected":false},"excerpt":{"rendered":"<p>Toivomusten puu Michal Czinege &amp; Maija LaurinenElias L\u00f6nnrotin puisto, Nurmes, 2024 QR-koodi teoksen yhteydess\u00e4 kenties johdatti sinut t\u00e4nne. Voit kirjoittaa toivomuksia, toiveita ja onnentoivotuksia Nurmekselle alla olevaan kommenttikentt\u00e4\u00e4n. Nimi- ja osoitekent\u00e4n voit j\u00e4tt\u00e4\u00e4 tyhj\u00e4ksi, jos et halua omaa nime\u00e4si esille. Toivomusten puu on yhteis\u00f6taideteos, jonka toteutimmme Nurmeksen kaupungin 50-vuotisjuhlavuodeksi. Teos pystytettiin kes\u00e4ll\u00e4 2024 korkeiden m\u00e4ntyjen &hellip; <a href=\"https:\/\/michalczinege.com\/?page_id=852\" class=\"more-link\">Continue reading <span class=\"screen-reader-text\">Toivomusten puu<\/span><\/a><\/p>\n","protected":false},"author":4,"featured_media":0,"parent":0,"menu_order":0,"comment_status":"open","ping_status":"closed","template":"","meta":{"footnotes":""},"class_list":["post-852","page","type-page","status-publish","hentry"],"_links":{"self":[{"href":"https:\/\/michalczinege.com\/index.php?rest_route=\/wp\/v2\/pages\/852","targetHints":{"allow":["GET"]}}],"collection":[{"href":"https:\/\/michalczinege.com\/index.php?rest_route=\/wp\/v2\/pages"}],"about":[{"href":"https:\/\/michalczinege.com\/index.php?rest_route=\/wp\/v2\/types\/page"}],"author":[{"embeddable":true,"href":"https:\/\/michalczinege.com\/index.php?rest_route=\/wp\/v2\/users\/4"}],"replies":[{"embeddable":true,"href":"https:\/\/michalczinege.com\/index.php?rest_route=%2Fwp%2Fv2%2Fcomments&post=852"}],"version-history":[{"count":18,"href":"https:\/\/michalczinege.com\/index.php?rest_route=\/wp\/v2\/pages\/852\/revisions"}],"predecessor-version":[{"id":1397,"href":"https:\/\/michalczinege.com\/index.php?rest_route=\/wp\/v2\/pages\/852\/revisions\/1397"}],"wp:attachment":[{"href":"https:\/\/michalczinege.com\/index.php?rest_route=%2Fwp%2Fv2%2Fmedia&parent=852"}],"curies":[{"name":"wp","href":"https:\/\/api.w.org\/{rel}","templated":true}]}}